{"id":967,"date":"2019-03-15T07:27:33","date_gmt":"2019-03-15T07:27:33","guid":{"rendered":"http:\/\/localhost\/consultax\/?page_id=967"},"modified":"2025-11-11T12:18:41","modified_gmt":"2025-11-11T09:18:41","slug":"iletisim","status":"publish","type":"page","link":"https:\/\/www.umayosgb.com\/index.php\/iletisim\/","title":{"rendered":"\u0130leti\u015fim"},"content":{"rendered":"<div class=\"wpb-content-wrapper\"><p>[vc_row css=&#8221;.vc_custom_1552981638968{padding-bottom: 0px !important;}&#8221; el_class=&#8221;section-padd&#8221;][vc_column offset=&#8221;vc_col-md-9&#8243;]\n    <div class=\"section-head \">\n                    <h6><span>Adres<\/span><\/h6>\n                <h2 class=\"section-title\">\u0130vedik OSB , 1354.Cadde Fora \u0130\u015f Merkezi No:138\/145<br \/>\nYenimahalle\/Ankara<\/h2>\n            <\/div>\n\n[vc_empty_space height=&#8221;12px&#8221;][\/vc_column][vc_column offset=&#8221;vc_col-md-8&#8243;][vc_column_text el_class=&#8221;contact-info&#8221; css=&#8221;.vc_custom_1762852714606{margin-bottom: 0px !important;}&#8221;]<a href=\"mailto:zehra.buyrukcu@isgumay.com.tr\"><i class=\"fa fa-phone-square\">zehra.buyrukcu@isgumay.com.tr\u00a0 0 532 770 12 78<\/i><\/a>[\/vc_column_text][\/vc_column][\/vc_row][vc_row css=&#8221;.vc_custom_1552981705441{padding-bottom: 0px !important;}&#8221; el_class=&#8221;section-padd&#8221;][vc_column][vc_separator css=&#8221;.vc_custom_1552640163971{margin-bottom: 0px !important;}&#8221;][\/vc_column][\/vc_row][vc_row el_class=&#8221;section-padd&#8221;][vc_column offset=&#8221;vc_col-md-7&#8243;]\n    <div class=\"section-head \">\n                <h2 class=\"section-title\">B\u0130ZE ULA\u015eIN<\/h2>\n            <\/div>\n\n[vc_empty_space height=&#8221;12px&#8221;]\n<div class=\"wpcf7 no-js\" id=\"wpcf7-f13-o1\" lang=\"tr-TR\" dir=\"ltr\">\n<div class=\"screen-reader-response\"><p role=\"status\" aria-live=\"polite\" aria-atomic=\"true\"><\/p> <ul><\/ul><\/div>\n<form action=\"\/index.php\/wp-json\/wp\/v2\/pages\/967#wpcf7-f13-o1\" method=\"post\" class=\"wpcf7-form init\" aria-label=\"Contact form\" novalidate=\"novalidate\" data-status=\"init\">\n<div style=\"display: none;\">\n<input type=\"hidden\" name=\"_wpcf7\" value=\"13\" \/>\n<input type=\"hidden\" name=\"_wpcf7_version\" value=\"5.8.5\" \/>\n<input type=\"hidden\" name=\"_wpcf7_locale\" value=\"tr_TR\" \/>\n<input type=\"hidden\" name=\"_wpcf7_unit_tag\" value=\"wpcf7-f13-o1\" \/>\n<input type=\"hidden\" name=\"_wpcf7_container_post\" value=\"0\" \/>\n<input type=\"hidden\" name=\"_wpcf7_posted_data_hash\" value=\"\" \/>\n<\/div>\n<p><label> Ad\u0131n\u0131z Soyad\u0131n\u0131z<br \/>\n<span class=\"wpcf7-form-control-wrap\" data-name=\"your-name\"><input size=\"40\" class=\"wpcf7-form-control wpcf7-text wpcf7-validates-as-required\" autocomplete=\"name\" aria-required=\"true\" aria-invalid=\"false\" value=\"\" type=\"text\" name=\"your-name\" \/><\/span> <\/label>\n<\/p>\n<p><label> E-Mail Adresiniz<br \/>\n<span class=\"wpcf7-form-control-wrap\" data-name=\"your-email\"><input size=\"40\" class=\"wpcf7-form-control wpcf7-email wpcf7-validates-as-required wpcf7-text wpcf7-validates-as-email\" autocomplete=\"email\" aria-required=\"true\" aria-invalid=\"false\" value=\"\" type=\"email\" name=\"your-email\" \/><\/span> <\/label>\n<\/p>\n<p><label> Konu<br \/>\n<span class=\"wpcf7-form-control-wrap\" data-name=\"your-subject\"><input size=\"40\" class=\"wpcf7-form-control wpcf7-text wpcf7-validates-as-required\" aria-required=\"true\" aria-invalid=\"false\" value=\"\" type=\"text\" name=\"your-subject\" \/><\/span> <\/label>\n<\/p>\n<p><label> Mesaj\u0131n\u0131z (optional)<br \/>\n<span class=\"wpcf7-form-control-wrap\" data-name=\"your-message\"><textarea cols=\"40\" rows=\"10\" class=\"wpcf7-form-control wpcf7-textarea\" aria-invalid=\"false\" name=\"your-message\"><\/textarea><\/span> <\/label>\n<\/p>\n<p><input class=\"wpcf7-form-control wpcf7-submit has-spinner\" type=\"submit\" value=\"G\u00f6nder\" \/>\n<\/p><div class=\"wpcf7-response-output\" aria-hidden=\"true\"><\/div>\n<\/form>\n<\/div>\n[vc_empty_space height=&#8221;40px&#8221; el_class=&#8221;lg-hidden&#8221;][\/vc_column][vc_column offset=&#8221;vc_col-md-5&#8243;][vc_single_image image=&#8221;2357&#8243; img_size=&#8221;full&#8221; alignment=&#8221;center&#8221; css=&#8221;.vc_custom_1733678996171{margin-bottom: 0px !important;}&#8221;][\/vc_column][\/vc_row][vc_row][vc_column][vc_gmaps link=&#8221;#E-8_JTNDaWZyYW1lJTIwc3JjJTNEJTIyaHR0cHMlM0ElMkYlMkZ3d3cuZ29vZ2xlLmNvbSUyRm1hcHMlMkZlbWJlZCUzRnBiJTNEJTIxMW0xOCUyMTFtMTIlMjExbTMlMjExZDMwNTYuNjU4MzM0MTc0MDklMjEyZDMyLjc1NjE0NTI3NjUxNTA4JTIxM2QzOS45OTM3NDAwODEyNzQ1MSUyMTJtMyUyMTFmMCUyMTJmMCUyMTNmMCUyMTNtMiUyMTFpMTAyNCUyMTJpNzY4JTIxNGYxMy4xJTIxM20zJTIxMW0yJTIxMXMweDE0ZDM0YTJjMDZjZTNjYjUlMjUzQTB4NTRiNzZhNjA5ODI1NzU3OSUyMTJzRm9yYSUyMTVlMCUyMTNtMiUyMTFzdHIlMjEyc3RyJTIxNHYxNzMzNjc4MzYwNTIyJTIxNW0yJTIxMXN0ciUyMTJzdHIlMjIlMjB3aWR0aCUzRCUyMjYwMCUyMiUyMGhlaWdodCUzRCUyMjQ1MCUyMiUyMHN0eWxlJTNEJTIyYm9yZGVyJTNBMCUzQiUyMiUyMGFsbG93ZnVsbHNjcmVlbiUzRCUyMiUyMiUyMGxvYWRpbmclM0QlMjJsYXp5JTIyJTIwcmVmZXJyZXJwb2xpY3klM0QlMjJuby1yZWZlcnJlci13aGVuLWRvd25ncmFkZSUyMiUzRSUzQyUyRmlmcmFtZSUzRQ==&#8221;][\/vc_column][\/vc_row]<\/p>\n<\/div>","protected":false},"excerpt":{"rendered":"<p>[vc_row css=&#8221;.vc_custom_1552981638968{padding-bottom: 0px !important;}&#8221; el_class=&#8221;section-padd&#8221;][vc_column offset=&#8221;vc_col-md-9&#8243;][vc_empty_space height=&#8221;12px&#8221;][\/vc_column][vc_column offset=&#8221;vc_col-md-8&#8243;][vc_column_text el_class=&#8221;contact-info&#8221; css=&#8221;.vc_custom_1762852714606{margin-bottom: 0px !important;}&#8221;]zehra.buyrukcu@isgumay.com.tr\u00a0 0 532 770 12 78[\/vc_column_text][\/vc_column][\/vc_row][vc_row css=&#8221;.vc_custom_1552981705441{padding-bottom: 0px !important;}&#8221; el_class=&#8221;section-padd&#8221;][vc_column][vc_separator css=&#8221;.vc_custom_1552640163971{margin-bottom: 0px !important;}&#8221;][\/vc_column][\/vc_row][vc_row el_class=&#8221;section-padd&#8221;][vc_column offset=&#8221;vc_col-md-7&#8243;][vc_empty_space height=&#8221;12px&#8221;][vc_empty_space height=&#8221;40px&#8221; el_class=&#8221;lg-hidden&#8221;][\/vc_column][vc_column offset=&#8221;vc_col-md-5&#8243;][vc_single_image image=&#8221;2357&#8243; img_size=&#8221;full&#8221; alignment=&#8221;center&#8221; css=&#8221;.vc_custom_1733678996171{margin-bottom: 0px !important;}&#8221;][\/vc_column][\/vc_row][vc_row][vc_column][vc_gmaps link=&#8221;#E-8_JTNDaWZyYW1lJTIwc3JjJTNEJTIyaHR0cHMlM0ElMkYlMkZ3d3cuZ29vZ2xlLmNvbSUyRm1hcHMlMkZlbWJlZCUzRnBiJTNEJTIxMW0xOCUyMTFtMTIlMjExbTMlMjExZDMwNTYuNjU4MzM0MTc0MDklMjEyZDMyLjc1NjE0NTI3NjUxNTA4JTIxM2QzOS45OTM3NDAwODEyNzQ1MSUyMTJtMyUyMTFmMCUyMTJmMCUyMTNmMCUyMTNtMiUyMTFpMTAyNCUyMTJpNzY4JTIxNGYxMy4xJTIxM20zJTIxMW0yJTIxMXMweDE0ZDM0YTJjMDZjZTNjYjUlMjUzQTB4NTRiNzZhNjA5ODI1NzU3OSUyMTJzRm9yYSUyMTVlMCUyMTNtMiUyMTFzdHIlMjEyc3RyJTIxNHYxNzMzNjc4MzYwNTIyJTIxNW0yJTIxMXN0ciUyMTJzdHIlMjIlMjB3aWR0aCUzRCUyMjYwMCUyMiUyMGhlaWdodCUzRCUyMjQ1MCUyMiUyMHN0eWxlJTNEJTIyYm9yZGVyJTNBMCUzQiUyMiUyMGFsbG93ZnVsbHNjcmVlbiUzRCUyMiUyMiUyMGxvYWRpbmclM0QlMjJsYXp5JTIyJTIwcmVmZXJyZXJwb2xpY3klM0QlMjJuby1yZWZlcnJlci13aGVuLWRvd25ncmFkZSUyMiUzRSUzQyUyRmlmcmFtZSUzRQ==&#8221;][\/vc_column][\/vc_row]<\/p>\n","protected":false},"author":1,"featured_media":0,"parent":0,"menu_order":0,"comment_status":"closed","ping_status":"closed","template":"","meta":{"footnotes":""},"class_list":["post-967","page","type-page","status-publish","hentry"],"yoast_head":"<!-- This site is optimized with the Yoast SEO plugin v25.5 - https:\/\/yoast.com\/wordpress\/plugins\/seo\/ -->\n<title>\u0130leti\u015fim - Umay \u0130\u015f G\u00fcvenli\u011fi<\/title>\n<meta name=\"robots\" content=\"index, follow, max-snippet:-1, max-image-preview:large, max-video-preview:-1\" \/>\n<link rel=\"canonical\" href=\"https:\/\/www.umayosgb.com\/index.php\/iletisim\/\" \/>\n<meta property=\"og:locale\" content=\"tr_TR\" \/>\n<meta property=\"og:type\" content=\"article\" \/>\n<meta property=\"og:title\" content=\"\u0130leti\u015fim - Umay \u0130\u015f G\u00fcvenli\u011fi\" \/>\n<meta property=\"og:description\" content=\"[vc_row css=&#8221;.vc_custom_1552981638968{padding-bottom: 0px !important;}&#8221; el_class=&#8221;section-padd&#8221;][vc_column offset=&#8221;vc_col-md-9&#8243;][vc_empty_space height=&#8221;12px&#8221;][\/vc_column][vc_column offset=&#8221;vc_col-md-8&#8243;][vc_column_text el_class=&#8221;contact-info&#8221; css=&#8221;.vc_custom_1762852714606{margin-bottom: 0px !important;}&#8221;]zehra.buyrukcu@isgumay.com.tr\u00a0 0 532 770 12 78[\/vc_column_text][\/vc_column][\/vc_row][vc_row css=&#8221;.vc_custom_1552981705441{padding-bottom: 0px !important;}&#8221; el_class=&#8221;section-padd&#8221;][vc_column][vc_separator css=&#8221;.vc_custom_1552640163971{margin-bottom: 0px !important;}&#8221;][\/vc_column][\/vc_row][vc_row el_class=&#8221;section-padd&#8221;][vc_column offset=&#8221;vc_col-md-7&#8243;][vc_empty_space height=&#8221;12px&#8221;][vc_empty_space height=&#8221;40px&#8221; el_class=&#8221;lg-hidden&#8221;][\/vc_column][vc_column offset=&#8221;vc_col-md-5&#8243;][vc_single_image image=&#8221;2357&#8243; img_size=&#8221;full&#8221; alignment=&#8221;center&#8221; css=&#8221;.vc_custom_1733678996171{margin-bottom: 0px !important;}&#8221;][\/vc_column][\/vc_row][vc_row][vc_column][vc_gmaps link=&#8221;#E-8_JTNDaWZyYW1lJTIwc3JjJTNEJTIyaHR0cHMlM0ElMkYlMkZ3d3cuZ29vZ2xlLmNvbSUyRm1hcHMlMkZlbWJlZCUzRnBiJTNEJTIxMW0xOCUyMTFtMTIlMjExbTMlMjExZDMwNTYuNjU4MzM0MTc0MDklMjEyZDMyLjc1NjE0NTI3NjUxNTA4JTIxM2QzOS45OTM3NDAwODEyNzQ1MSUyMTJtMyUyMTFmMCUyMTJmMCUyMTNmMCUyMTNtMiUyMTFpMTAyNCUyMTJpNzY4JTIxNGYxMy4xJTIxM20zJTIxMW0yJTIxMXMweDE0ZDM0YTJjMDZjZTNjYjUlMjUzQTB4NTRiNzZhNjA5ODI1NzU3OSUyMTJzRm9yYSUyMTVlMCUyMTNtMiUyMTFzdHIlMjEyc3RyJTIxNHYxNzMzNjc4MzYwNTIyJTIxNW0yJTIxMXN0ciUyMTJzdHIlMjIlMjB3aWR0aCUzRCUyMjYwMCUyMiUyMGhlaWdodCUzRCUyMjQ1MCUyMiUyMHN0eWxlJTNEJTIyYm9yZGVyJTNBMCUzQiUyMiUyMGFsbG93ZnVsbHNjcmVlbiUzRCUyMiUyMiUyMGxvYWRpbmclM0QlMjJsYXp5JTIyJTIwcmVmZXJyZXJwb2xpY3klM0QlMjJuby1yZWZlcnJlci13aGVuLWRvd25ncmFkZSUyMiUzRSUzQyUyRmlmcmFtZSUzRQ==&#8221;][\/vc_column][\/vc_row]\" \/>\n<meta property=\"og:url\" content=\"https:\/\/www.umayosgb.com\/index.php\/iletisim\/\" \/>\n<meta property=\"og:site_name\" content=\"Umay \u0130\u015f G\u00fcvenli\u011fi\" \/>\n<meta property=\"article:modified_time\" content=\"2025-11-11T09:18:41+00:00\" \/>\n<meta name=\"twitter:card\" content=\"summary_large_image\" \/>\n<meta name=\"twitter:label1\" content=\"Tahmini okuma s\u00fcresi\" \/>\n\t<meta name=\"twitter:data1\" content=\"1 dakika\" \/>\n<script type=\"application\/ld+json\" class=\"yoast-schema-graph\">{\"@context\":\"https:\/\/schema.org\",\"@graph\":[{\"@type\":\"WebPage\",\"@id\":\"https:\/\/www.umayosgb.com\/index.php\/iletisim\/\",\"url\":\"https:\/\/www.umayosgb.com\/index.php\/iletisim\/\",\"name\":\"\u0130leti\u015fim - Umay \u0130\u015f G\u00fcvenli\u011fi\",\"isPartOf\":{\"@id\":\"https:\/\/www.umayosgb.com\/#website\"},\"datePublished\":\"2019-03-15T07:27:33+00:00\",\"dateModified\":\"2025-11-11T09:18:41+00:00\",\"breadcrumb\":{\"@id\":\"https:\/\/www.umayosgb.com\/index.php\/iletisim\/#breadcrumb\"},\"inLanguage\":\"tr\",\"potentialAction\":[{\"@type\":\"ReadAction\",\"target\":[\"https:\/\/www.umayosgb.com\/index.php\/iletisim\/\"]}]},{\"@type\":\"BreadcrumbList\",\"@id\":\"https:\/\/www.umayosgb.com\/index.php\/iletisim\/#breadcrumb\",\"itemListElement\":[{\"@type\":\"ListItem\",\"position\":1,\"name\":\"Anasayfa\",\"item\":\"https:\/\/www.umayosgb.com\/\"},{\"@type\":\"ListItem\",\"position\":2,\"name\":\"\u0130leti\u015fim\"}]},{\"@type\":\"WebSite\",\"@id\":\"https:\/\/www.umayosgb.com\/#website\",\"url\":\"https:\/\/www.umayosgb.com\/\",\"name\":\"Umay \u0130\u015f G\u00fcvenli\u011fi\",\"description\":\"\",\"publisher\":{\"@id\":\"https:\/\/www.umayosgb.com\/#organization\"},\"potentialAction\":[{\"@type\":\"SearchAction\",\"target\":{\"@type\":\"EntryPoint\",\"urlTemplate\":\"https:\/\/www.umayosgb.com\/?s={search_term_string}\"},\"query-input\":{\"@type\":\"PropertyValueSpecification\",\"valueRequired\":true,\"valueName\":\"search_term_string\"}}],\"inLanguage\":\"tr\"},{\"@type\":\"Organization\",\"@id\":\"https:\/\/www.umayosgb.com\/#organization\",\"name\":\"Umay \u0130\u015f G\u00fcvenli\u011fi\",\"url\":\"https:\/\/www.umayosgb.com\/\",\"logo\":{\"@type\":\"ImageObject\",\"inLanguage\":\"tr\",\"@id\":\"https:\/\/www.umayosgb.com\/#\/schema\/logo\/image\/\",\"url\":\"https:\/\/www.umayosgb.com\/wp-content\/uploads\/2024\/12\/umay-yeni1.png\",\"contentUrl\":\"https:\/\/www.umayosgb.com\/wp-content\/uploads\/2024\/12\/umay-yeni1.png\",\"width\":208,\"height\":109,\"caption\":\"Umay \u0130\u015f G\u00fcvenli\u011fi\"},\"image\":{\"@id\":\"https:\/\/www.umayosgb.com\/#\/schema\/logo\/image\/\"}}]}<\/script>\n<!-- \/ Yoast SEO plugin. -->","yoast_head_json":{"title":"\u0130leti\u015fim - Umay \u0130\u015f G\u00fcvenli\u011fi","robots":{"index":"index","follow":"follow","max-snippet":"max-snippet:-1","max-image-preview":"max-image-preview:large","max-video-preview":"max-video-preview:-1"},"canonical":"https:\/\/www.umayosgb.com\/index.php\/iletisim\/","og_locale":"tr_TR","og_type":"article","og_title":"\u0130leti\u015fim - Umay \u0130\u015f G\u00fcvenli\u011fi","og_description":"[vc_row css=&#8221;.vc_custom_1552981638968{padding-bottom: 0px !important;}&#8221; el_class=&#8221;section-padd&#8221;][vc_column offset=&#8221;vc_col-md-9&#8243;][vc_empty_space height=&#8221;12px&#8221;][\/vc_column][vc_column offset=&#8221;vc_col-md-8&#8243;][vc_column_text el_class=&#8221;contact-info&#8221; css=&#8221;.vc_custom_1762852714606{margin-bottom: 0px !important;}&#8221;]zehra.buyrukcu@isgumay.com.tr\u00a0 0 532 770 12 78[\/vc_column_text][\/vc_column][\/vc_row][vc_row css=&#8221;.vc_custom_1552981705441{padding-bottom: 0px !important;}&#8221; el_class=&#8221;section-padd&#8221;][vc_column][vc_separator css=&#8221;.vc_custom_1552640163971{margin-bottom: 0px !important;}&#8221;][\/vc_column][\/vc_row][vc_row el_class=&#8221;section-padd&#8221;][vc_column offset=&#8221;vc_col-md-7&#8243;][vc_empty_space height=&#8221;12px&#8221;][vc_empty_space height=&#8221;40px&#8221; el_class=&#8221;lg-hidden&#8221;][\/vc_column][vc_column offset=&#8221;vc_col-md-5&#8243;][vc_single_image image=&#8221;2357&#8243; img_size=&#8221;full&#8221; alignment=&#8221;center&#8221; css=&#8221;.vc_custom_1733678996171{margin-bottom: 0px !important;}&#8221;][\/vc_column][\/vc_row][vc_row][vc_column][vc_gmaps link=&#8221;#E-8_JTNDaWZyYW1lJTIwc3JjJTNEJTIyaHR0cHMlM0ElMkYlMkZ3d3cuZ29vZ2xlLmNvbSUyRm1hcHMlMkZlbWJlZCUzRnBiJTNEJTIxMW0xOCUyMTFtMTIlMjExbTMlMjExZDMwNTYuNjU4MzM0MTc0MDklMjEyZDMyLjc1NjE0NTI3NjUxNTA4JTIxM2QzOS45OTM3NDAwODEyNzQ1MSUyMTJtMyUyMTFmMCUyMTJmMCUyMTNmMCUyMTNtMiUyMTFpMTAyNCUyMTJpNzY4JTIxNGYxMy4xJTIxM20zJTIxMW0yJTIxMXMweDE0ZDM0YTJjMDZjZTNjYjUlMjUzQTB4NTRiNzZhNjA5ODI1NzU3OSUyMTJzRm9yYSUyMTVlMCUyMTNtMiUyMTFzdHIlMjEyc3RyJTIxNHYxNzMzNjc4MzYwNTIyJTIxNW0yJTIxMXN0ciUyMTJzdHIlMjIlMjB3aWR0aCUzRCUyMjYwMCUyMiUyMGhlaWdodCUzRCUyMjQ1MCUyMiUyMHN0eWxlJTNEJTIyYm9yZGVyJTNBMCUzQiUyMiUyMGFsbG93ZnVsbHNjcmVlbiUzRCUyMiUyMiUyMGxvYWRpbmclM0QlMjJsYXp5JTIyJTIwcmVmZXJyZXJwb2xpY3klM0QlMjJuby1yZWZlcnJlci13aGVuLWRvd25ncmFkZSUyMiUzRSUzQyUyRmlmcmFtZSUzRQ==&#8221;][\/vc_column][\/vc_row]","og_url":"https:\/\/www.umayosgb.com\/index.php\/iletisim\/","og_site_name":"Umay \u0130\u015f G\u00fcvenli\u011fi","article_modified_time":"2025-11-11T09:18:41+00:00","twitter_card":"summary_large_image","twitter_misc":{"Tahmini okuma s\u00fcresi":"1 dakika"},"schema":{"@context":"https:\/\/schema.org","@graph":[{"@type":"WebPage","@id":"https:\/\/www.umayosgb.com\/index.php\/iletisim\/","url":"https:\/\/www.umayosgb.com\/index.php\/iletisim\/","name":"\u0130leti\u015fim - Umay \u0130\u015f G\u00fcvenli\u011fi","isPartOf":{"@id":"https:\/\/www.umayosgb.com\/#website"},"datePublished":"2019-03-15T07:27:33+00:00","dateModified":"2025-11-11T09:18:41+00:00","breadcrumb":{"@id":"https:\/\/www.umayosgb.com\/index.php\/iletisim\/#breadcrumb"},"inLanguage":"tr","potentialAction":[{"@type":"ReadAction","target":["https:\/\/www.umayosgb.com\/index.php\/iletisim\/"]}]},{"@type":"BreadcrumbList","@id":"https:\/\/www.umayosgb.com\/index.php\/iletisim\/#breadcrumb","itemListElement":[{"@type":"ListItem","position":1,"name":"Anasayfa","item":"https:\/\/www.umayosgb.com\/"},{"@type":"ListItem","position":2,"name":"\u0130leti\u015fim"}]},{"@type":"WebSite","@id":"https:\/\/www.umayosgb.com\/#website","url":"https:\/\/www.umayosgb.com\/","name":"Umay \u0130\u015f G\u00fcvenli\u011fi","description":"","publisher":{"@id":"https:\/\/www.umayosgb.com\/#organization"},"potentialAction":[{"@type":"SearchAction","target":{"@type":"EntryPoint","urlTemplate":"https:\/\/www.umayosgb.com\/?s={search_term_string}"},"query-input":{"@type":"PropertyValueSpecification","valueRequired":true,"valueName":"search_term_string"}}],"inLanguage":"tr"},{"@type":"Organization","@id":"https:\/\/www.umayosgb.com\/#organization","name":"Umay \u0130\u015f G\u00fcvenli\u011fi","url":"https:\/\/www.umayosgb.com\/","logo":{"@type":"ImageObject","inLanguage":"tr","@id":"https:\/\/www.umayosgb.com\/#\/schema\/logo\/image\/","url":"https:\/\/www.umayosgb.com\/wp-content\/uploads\/2024\/12\/umay-yeni1.png","contentUrl":"https:\/\/www.umayosgb.com\/wp-content\/uploads\/2024\/12\/umay-yeni1.png","width":208,"height":109,"caption":"Umay \u0130\u015f G\u00fcvenli\u011fi"},"image":{"@id":"https:\/\/www.umayosgb.com\/#\/schema\/logo\/image\/"}}]}},"_links":{"self":[{"href":"https:\/\/www.umayosgb.com\/index.php\/wp-json\/wp\/v2\/pages\/967","targetHints":{"allow":["GET"]}}],"collection":[{"href":"https:\/\/www.umayosgb.com\/index.php\/wp-json\/wp\/v2\/pages"}],"about":[{"href":"https:\/\/www.umayosgb.com\/index.php\/wp-json\/wp\/v2\/types\/page"}],"author":[{"embeddable":true,"href":"https:\/\/www.umayosgb.com\/index.php\/wp-json\/wp\/v2\/users\/1"}],"replies":[{"embeddable":true,"href":"https:\/\/www.umayosgb.com\/index.php\/wp-json\/wp\/v2\/comments?post=967"}],"version-history":[{"count":8,"href":"https:\/\/www.umayosgb.com\/index.php\/wp-json\/wp\/v2\/pages\/967\/revisions"}],"predecessor-version":[{"id":2395,"href":"https:\/\/www.umayosgb.com\/index.php\/wp-json\/wp\/v2\/pages\/967\/revisions\/2395"}],"wp:attachment":[{"href":"https:\/\/www.umayosgb.com\/index.php\/wp-json\/wp\/v2\/media?parent=967"}],"curies":[{"name":"wp","href":"https:\/\/api.w.org\/{rel}","templated":true}]}}